{"id":1450,"date":"2021-03-05T04:18:58","date_gmt":"2021-03-05T04:18:58","guid":{"rendered":"http:\/\/dev.nithi-ayurveda.com\/?page_id=1450"},"modified":"2022-07-24T10:25:58","modified_gmt":"2022-07-24T10:25:58","slug":"treatment-methodology","status":"publish","type":"page","link":"https:\/\/www.mayaayurveda.com\/sl\/treatment-methodology\/","title":{"rendered":"Postopek zdravljenja"},"content":{"rendered":"<section class=\"wpb-content-wrapper\"><div class=\"vc_row wpb_row vc_row-fluid\"><div class=\"wpb_column vc_column_container vc_col-sm-12\"><div class=\"vc_column-inner\"><div class=\"wpb_wrapper\">\n\t<div class=\"wpb_text_column wpb_content_element\" >\n\t\t<div class=\"wpb_wrapper\">\n\t\t\t<h1><strong>\u0160tiri klju\u010dna dejstva zdravljenja<\/strong><\/h1>\n<p>Ko govorimo o uporabi velike modrosti ajurvede v praksi, je potrebno izpostaviti \u0161tiri klju\u010dna dejstva.<\/p>\n<p class=\"translation-block\">Prvo se imenuje Vaidya. To je beseda v sanskrtu, ki bi jo lahko pribli\u017eno prevedli kot \u00bbon, ki ve\u00ab. Tako se imenujejo tudi zdravniki v ajurvedi, \u010deprav je Vaidya veliko ve\u010d kot samo zdravnik. Vsi imajo namre\u010d poglobljeno znanje, ki so ga pridobili z branjem tekstov in s strogimi prakti\u010dnimi vajami, zato so svoje pridobljeno znanje sposobni prenesti tudi v prakso. Za pridobitev tega naziva morajo biti specialisti na tem podro\u010dju. \u0160e ve\u010d, od njih se pri\u010dakuje tudi, da bodo ohranili neokrnjeno \u010distost, tako v njihovem izgledu in obna\u0161anju kot tudi v na\u010dinu zdravljenja. Pri vseh na\u0161ih zdravnikih i\u0161\u010demo te kvalitete. Tukaj pri MAYA Ayurvedi se zavedamo, da ima Vaidya najpomembnej\u0161o vlogo pri ohranjanju va\u0161ega zdravja. Tudi \u010de vsi ostali klju\u010dni dejavniki niso zadovoljivi, lahko dober Vaidya izni\u010di vse ostale pomanjkljivosti in poskrbi za va\u0161e dobro zdravje in po\u010dutje.<\/p>\n<p class=\"translation-block\">Druga klju\u010dna vloga je pripisana instrumentom za zdravljenje. Vse sestavine, ki jih Vaidya lahko uporabi pri zdravljenju so klju\u010dne in so orodje, ki ga ima Vaidya na razpolago. Zeli\u0161\u010da, zdravila in instrumenti so zajeti pod pojem \u2018Dravya\u2019. To so stvari, na katere se Vaidya lahko zanese in prek njih prenese svoje znanje. Bolj kot je orodje fleksibilno in funkcionalno, bolj je seveda tudi uporabno. Podobno velja tudi za zdravila, ki so lahko odmerjena na veliko na\u010dinov za zdravljenje razli\u010dnih bolezni brez zapletov. Tak\u0161na zdravila ima Vaidya najraje. Popolno zdravilo vam bo nudilo hitro olaj\u0161anje, ki bo trajalo dlje \u010dasa, in bo brez vsakr\u0161nih stranskih u\u010dinkov oziroma zapletov. Ajurveda je zaradi kvalitete teh pripravkov in preudarnosti Vaidye ena od najbolj u\u010dinkovitih zdravstvenih sistemov na svetu, kjer zdravljenje poteka brez zapletov.<\/p>\n<p class=\"translation-block\">Naslednji zelo pomemben vidik ajurvede je ta, da je zdravstvena oskrba vedno plod ekipnega dela. Osebje, ki je izvaja ukaze zdravnika, se imenuje Paric\u0101raka\u1e25. To osebje je nepogre\u0161ljiv \u010dlen pri zdravljenju. Pri zdravljenju mora biti so\u010dutno do pacienta in obenem tudi usklajeno z Vaidyo. Tudi oskrbovalci morajo, prav tako kot Vaidya, ohranjati \u010distost in strokovnost pri izvajanju terapij. Poleg tega mora biti osebje tudi inteligentno in razumevajo\u010de.<\/p>\n<p class=\"translation-block\">Katero je \u010detrto klju\u010dno dejstvo? To je sam namen eksistence Vaidye, njegovih instrumentov in oskrbovalcev. To je Rogi, oseba, ki terapijo prejema. V ve\u010dini zdravstvenih sistemov je ta oseba zgolj pacient, v ajurvedi pa ima ta oseba klju\u010dno vlogo pri zdravljenju. Ajurveda namre\u010d vedno upo\u0161teva dejstvo, da se sposobnost zdravljenja nahaja znotraj nas samih. Oseba, ki prejema ajurvedsko terapijo, mora zato biti plemenita in imeti mora dovolj znanja, da lahko razume priporo\u010dila ajurvede. Zelo pomembo je tudi, da je oseba skladna z Vaidyo. Idealno je, \u010de je oseba pozorna in zna jasno izraziti svoje zdravstveno stanje. Zelo pomembno vlogo pri terapijah ima tako tudi um. Du\u0161evna mo\u010d osebe je klju\u010dna pri rezultatu zdravljenja.<\/p>\n<p><strong>Na\u0161a diagnosti\u010dna filozofija<\/strong><\/p>\n<p class=\"translation-block\">Celoten obseg zdravstvenih nasvetov iz ajurvede bi lahko grobo razdelili v dve kategoriji. Ajurveda zagovarja ohranjanje zdravja zdravih oseb. Pri tem jim svetuje z na\u010drti prehrane in z nasveti o zdravem na\u010dinu \u017eivljenja, ki jim zdrava oseba natan\u010dno sledi, da bi njeno zdravstveno stanje \u0161e naprej ostalo zelo dobro. Ta del ajurvede se imenuje \u015bvasthav\u1e5btta.<\/p>\n<p class=\"translation-block\">V ajurvedi se smatra, da bodo osebe, ki se pravilno prehranjujejo in sledijo \u017eivljenjskemu slogu v skladu z njihovim p\u1e5bak\u1e5bti in okoljem, imele nevtralen pogled na svet. \u010ce se poleg tega tudi ne predajo sku\u0161njavi materialnih u\u017eitkov, so dobrohotne do narave, vse ostale vidijo kot sebi enaki, so vedno dr\u017eijo resnice, so potrpe\u017eljive in sledijo splo\u0161nim nasvetom modrecev,  se bodo tak\u0161ne osebe vedno izognile boleznim oziroma bodo ostale aroga\u1e25.<\/p>\n<p class=\"translation-block\">\u010ce oseba zboli, se to lahko zgodi bodisi zaradi dejavnikov znotraj nas, bodisi zaradi zunanjih dejavnikov. Nesre\u010da je posledica zunanjih dejavnikov, medtem ko je diabetes posledica dejavnikov znotraj nas. Ajurveda verjame, da se vzroki za vse bolezni skrivajo v napa\u010dnih, premajhnih ali prevelikih vplivih \u010dasa (npr. letni \u010das, podnebje), stvareh (snovi, ki jih na\u0161ih pet \u010dutil lahko zazna) in v na\u0161ih dejanjih (karma).<\/p>\n<p class=\"translation-block\">Vsak Vaidya pri MAYA Ayurveda natan\u010dno sledi ajurvedskemu na\u010dinu pregleda pacienta in postavljanja diagnoze. Izu\u010deni so, da svoja \u010dutila uporabljajo kot opti\u010dne bralnike, ki jim posredujejo namige o va\u0161em stanju, v\u010dasih lahko zgolj iz va\u0161e dr\u017ee ali glasu. Zelo so spretni tudi pri uporabi skrivnostne znanosti pulzne diagnoze. Vsaka celica v na\u0161em telesu je v nenehni komunikaciji z nami o tem, kak\u0161no je na\u0161e normalno stanje (prak\u1e5bti) in o motnjah normalnega stanja (vik\u1e5bti). Izu\u010den Vaidya lahko z uporabno posebne tehnike pulzne diagnoze to komunikacijo razbere in natan\u010dno diagnosticira anomalije znotraj na\u0161ih organov.<\/p>\n<p>Vaidya je zelo dober poslu\u0161alec, saj vas ure lahko zbrano poslu\u0161a, ko mu opisujete va\u0161e zdravstvene te\u017eave. Vaidya je tudi zelo dober govorec. Najprej bo osebi zastavil niz izbranih vpra\u0161anj o zdravstvenem stanju. Sprva morda ne boste zaznali, kako so ta vpra\u0161anja povezana z va\u0161im zdravstvenim stanjem in na trenutke boste celo pomislili, da je tak\u0161no izpra\u0161evanje nepomembno. Lahko nam zaupate, da so ta vpra\u0161anja zelo pomembna in specifi\u010dna. Na\u0161i Vaidyaji pri MAYA Ayurveda uporabljajo standarden pristop, ki zajema deset temeljnih podro\u010dij za natan\u010dno diagnozo. Ta vpra\u0161anja lahko zajemajo nekatere ali vse od spodaj na\u0161tetih podro\u010dij:<\/p>\n<ul>\n<li>Neuravnove\u0161enost biolo\u0161kih energij (d\u016b\u1e63yam)<\/li>\n<li>Kraj ali okolje (de\u015bam)<\/li>\n<li>Mo\u010d pacienta oziroma bolezni (balam)<\/li>\n<li>\u010cas v dnevu, letni \u010das,... (k\u0101lam)<\/li>\n<li>Nevrolo\u0161ko in hormonsko stanje (anilam)<\/li>\n<li>Tip osebe (prak\u1e5bti)<\/li>\n<li>Oseba (vaya\u1e25)<\/li>\n<li>Psiha (satvam)<\/li>\n<li>Navade (s\u0101tmyam)<\/li>\n<li>Prehranjevalne navade (\u0101h\u0101ram)<\/li>\n<\/ul>\n<p>Pri Maja Ajurveda sledimo tudi sistemati\u010dni in znanstveni klini\u010dni dokumentaciji z namenom pospe\u0161evanja raziskav in razvoja v polju ajurvede.<\/p>\n<p><strong>Glavna podro\u010dja zdravljenja<\/strong><\/p>\n<p><strong>Diabetes<\/strong><\/p>\n<p>Moderna medicina diabetes prepoznava kot presnovno bolezen, kjer telo ne uspe uporabiti glukoze, ki je nastala ob koncu prebavnega procesa. To vodi v povi\u0161ane vrednosti glukoze v krvi in urinu. Ajurveda ima glede diabetesa popolnoma druga\u010den zorni kot, ki je bil popisan \u017ee pred ve\u010d tiso\u010d leti. Po ajurvedi obstaja 20 vrst diabetesa. Vsaka vrsta je kvalitativno identificirana po rahlih oziroma znatnih spremembah v urinu. Zanimivo je opaziti, da se klasi\u010den diabetes (Diabetes mellitus) lahko ena\u010di s tipom madhu meha (dobesedno medeni diabetes), ki je zadnja in najte\u017eja oblika diabetesa v ajurvedi. Natan\u010den pregled urina zato lahko pomaga tudi pri prepre\u010devanju oziroma kasnej\u0161i pojavi diabetesa. \u010ceprav je madhu meha zelo te\u017eka oblika bolezni, ima ajurveda za to obliko bolezni dober na\u010din njenega obvladovanja. Posebne MAYA Ayurveda terapije, ki obsegajo vse od zdravil za oralno uporabo do o\u010di\u0161\u010devalnih terapij, so opravljene pod strogim nadzorom, ki je odvisen tudi od resnosti zdravstvenega stanja. Pri ohranjanju normalnih vrednosti glukoze sta v pomo\u010d redna anaerobna telesna vadba in individualno oblikovan prehranski na\u010drt, ki vsebuje nizek dele\u017e ogljikovih hidratov.<\/p>\n<p><strong>Artritis<\/strong><\/p>\n<p>V splo\u0161nem poznamo dve vrsti artritisa. En se razvija s starostjo oziroma obrabo. Drugi nastane, ko se sklep razboli kot del vnetne reakcije. Oskrbi teh dveh tipov artritisa sta v ajurvedi zelo razli\u010dni.<\/p>\n<p class=\"translation-block\">Pri prvem tipu gre navadno za kroni\u010dni artritis brez vnetja, a z omejeno zmo\u017enostjo gibanja in bole\u010dino. To se v ajurvedi imenuje sandhi-v\u0101ta, vzporednico lahko povle\u010demo z osteoartritisom. Najpogosteje se ga obvladuje z masa\u017eo z oljem in z oljnim izpiranjem (pizhiccil). Po pravilni oceni neravnovesja do\u0161e lahko izvajamo nekatere pa\u00f1cakarma terapije, kot sta denimo vasti ali virecana. Ob izvajanju teh poseg je morda potrebno tudi jemanje zdravil.<\/p>\n<p class=\"translation-block\">Drugi tip je navadno povezan s toksini ali avtoimunskimi dejavniki, ki se nakopi\u010dijo v telesu. V ajurvedi je ta tip kategoriziran kot \u0101ma-v\u0101ta. Lahko se pojavi skupaj s povi\u0161ano telesno temperaturo, oteklinami, lokalno povi\u0161ano temperaturo ter ote\u017eenim in omejenim gibanjem. Diagnosticiran je kot revmatoidni artritis. Ajurvedska oskrba se pogosto pri\u010dne z uporabo suhe toplote, suho masa\u017eo in zdravili, ki popravijo prebavo in izbolj\u0161ajo mobilnost sklepov.<\/p>\n<p><strong><span style=\"color: #1b683d;\">Debelost<\/span><\/strong><\/p>\n<p class=\"translation-block\">Debelost je postala najpogostej\u0161a prehranska motnja v sodobnem svetu. Najpogosteje je povzro\u010dena zaradi prekomernega hranjenja in sede\u010dega na\u010dina \u017eivljenja. To se poka\u017ee v odve\u010dni zalogi ma\u0161\u010dobe, ki zapira presnovni sistem in povzro\u010da vrsto bolezni, kot so hipertenzija, povi\u0161ana vrednost holestrerola, diabetes in te\u017eave s prebavo. Pri izgubi odve\u010dne ma\u0161\u010dobe u\u010dinkujejo globoke in suhe masa\u017ee z zeli\u0161\u010dnimi prahi ali pastami (udvarttanam), posebna ajurvedska masa\u017ea s posebnimi olji in nadzorovana parna kopel. Pri prepre\u010devanju dodatne odve\u010dne ma\u0161\u010dobe sta u\u010dinkoviti posebej pripravljena prehranski na\u010drt in programi joge.<\/p>\n<p><strong>Psoriaza<\/strong><\/p>\n<p class=\"translation-block\">Psoriaza je pogosta ko\u017ena bolezen z rde\u010dico in srbe\u010dico, ki se razvijeta po telesu in lasi\u0161\u010du. Zdravljenje te bolezni vklju\u010duje nanos medicinskega pre\u010di\u0161\u010denega gi masla (snehap\u0101nam), ki bo sprostilo nakopi\u010dene toksine v krvi, ki bodo nato skozi zdravilno bruhanje (vamanam) ali terapevtsko o\u010di\u0161\u010denje (virecanam) ali s kombinacijo obeh izlo\u010deni iz telesa. Nekateri zunanji posegi kot so oljno izpiranje (taila-dh\u0101ra) in izpiranje z maslenim mlekom (takra-dh\u0101ra) so izvedeni z namenom obnovitve teksture ko\u017ee, medtem ko bo ve\u010dina ostalih zdravil pomagala pri \u010di\u0161\u010denju krvi.<\/p>\n<p><strong>Skrb za \u017eenske<\/strong><\/p>\n<p class=\"translation-block\">Ajurveda veliko pozornosti posve\u010da tudi razli\u010dnim psiholo\u0161kim stanjem, ki so del \u017eivljenja \u017eenske v razli\u010dnih obdobjih njenega \u017eivljenja. Natan\u010dno so opisane posebne diete in \u017eivljenjski slog, ki mu je potrebno slediti med menstrualnim ciklom, nose\u010dnostjo in porodom. Z najve\u010djimi psiholo\u0161kimi problemi se \u017eenska sre\u010duje ob problemih z menstrualnim ciklom, neplodnostjo, sindromom policisti\u010dnih jaj\u010dnikov, endometriozo, materni\u010dnimi fibroidi in ob nastopu menopavze. V ajurvedi se ta stanja lahko oskrbi s pomo\u010djo posebnih zdravljenj. Gre za posebno pripravljen zdravstveni paket, ki vklju\u010duje tradicionalne terapije, kot so denimo sede\u010da kopel (avag\u0101ham), posebne oljne krpice (picu), postopki o\u010di\u0161\u010denja (k\u1e63\u0101lanam) in izpiranja (sekam). Poleg tega so del paketa tudi pa\u00f1cakarma zdravljenja. Ob teh zunanjih terapijah pa je potrebno jemati \u0161e zdravila, slediti posebni vegetarijanski dieti in izvajati ure joge, meditacije ali dihalne tehnike pranyama. S tem poskrbimo tako za telo kot tudi za um, da se vzdr\u017euje normalna telesna homeostaza.<\/p>\n<p class=\"translation-block\">Levkoreja, dismenoreja, neredni menstrualni ciklus, pomenopavzni sindrom, osteoporoza, fibroidi so nekatera od pogostih stanj, s katerimi imajo \u017eenske danes te\u017eave. Vsa ta stanja lahko v ajurvedi uspe\u0161no obvladujemo z minimalnimi stranskimi u\u010dinki. Ajurveda se ukvarja s \u0161tevilnimi ginekolo\u0161kimi te\u017eavami (yoni vyapat). \u010ce \u017eelimo, da je zdravljenje u\u010dinkovito, se mora zdravljenje nekaterih bolezni za\u010deti v zgodnji fazi. Ostale bolezni se lahko za najve\u010dje pozitivne u\u010dinke pri pacientu obvladujejo na celosten na\u010din.<\/p>\n<p>Materinstvo je \u010dudovito obdobje v \u017eivljenju \u017eenske, ki ga je z besedami te\u017eko opisati. Na\u0161 materinski program ponuja posvete in skrb tako pred kot tudi po porodu. U\u010dinki posebnih ajurvedskih zeli\u0161\u010dnih pripravkov pri zgoraj opisanih stanjih so odli\u010dni in MAYA Ayurveda skozi ta program omogo\u010da \u017eenskam, ki trpijo za zgoraj na\u0161tetimi stanji, bolj\u0161e fizi\u010dno in psihi\u010dno zdravje.<\/p>\n<p><strong>Neplodnost in spolno zdravje<\/strong><\/p>\n<p class=\"translation-block\">Ajurveda za uspe\u0161no spo\u010detje na\u0161teje \u0161tiri dejavnike. To so pravilna ovulacija in zdrav menstrualni cikel (\u1e5btu), \u010disto in ugodno okolje v maternici (k\u1e63etram), pravilno prehranjevanje in dobra cirkulacija krvi (a\u1e43bu) ter zdrav spojek (b\u012bjam). Anomalije pri teh dejavnikih lahko povzro\u010dijo neplodnost. Ajurveda daje odli\u010dne rezultate pri stanjih, ko par, normalnemu psiholo\u0161kemu in strukturnemu okolju navkljub, ne mora zanositi.<\/p>\n<p class=\"translation-block\">V\u1e5b\u1e63ya cikitsa ali v\u0101j\u012bkara\u1e47a je ena od osmih vej ajurvede, ki pozna u\u010dinkovito zdravljenje stanj kot neplodnost, impotenca, nizek libido in erektilna disfunkcija. Parom to omogo\u010da zdravo spolnost in tudi zdravo potomstvo.<\/p>\n<p><strong>Prebavne motnje<\/strong><\/p>\n<p class=\"translation-block\">Ajurveda skoraj vse prebavne motnje povezuje z zanemarjanjem narave na\u0161ega \u010drevesja in s sposobnostjo prehranjevanja. Prebavne motnje so eden izmed izvornih vzrokov. Z zgodnjim Neplodnost Prebavne motnje odkritjem in pravilnim obvladovanjem stanja v njegovi za\u010detni fazi izklju\u010dimo mo\u017enost za poslab\u0161anje stanja. Ajurvedske terapije in zdravila imajo velik u\u010dinek pri odpravi prebavnih motenj, \u010deprav je klju\u010dna identifikacija odziva prebavil, ki je pri vsaki osebi specifi\u010dna in se jo oceni glede na njen prak\u1e5bti. Po tej oceni se pripravi prehranski na\u010drt, ki je prilagojen vsakemu posamezniku tako, da mu kar najbolj ustreza. Pri MAYA Ayurveda po oceni prak\u1e5bta za zagotovitev dolgotrajnega dobrega po\u010dutja poleg zdravil oblikujemo tudi posebne prehranske na\u010drte in nasvete za izbolj\u0161anje na\u010dina \u017eivljenja, da se prebavne motnje ne bi pojavile.<\/p>\n<p>Spodaj so opisane nekatere od prebavnih motenj, s katerimi se najpogosteje sre\u010dujemo:<\/p>\n<p><strong>Hiperacidnost<\/strong><\/p>\n<p>Pove\u010dana Pitta povzro\u010di motnje v prebavnem ognju, ki so prepoznane po vneti in razdra\u017eeni \u017eelod\u010dni sluznici. Zdravljenje obi\u010dajno zajema omejitve pri prehrani in zdravila, ki pomirijo poslab\u0161ano Pitto. Osebe s kroni\u010dnim obolenjem lahko po potrebi pred za\u010detkom jemanja zdravil opravijo tudi nekatere korekcijske ali o\u010di\u0161\u010devalne postopke, ki vklju\u010dujejo pa\u00f1cakarma postopke, kot je virecanam. Hiperacidnost je pogosto povezana tudi s stresom in ostalimi motnjami du\u0161evnega ravnovesja, zato zdravljenja pogosto kombiniramo z jogo in pranayamo.<\/p>\n<p><strong>Zaprtost<\/strong><\/p>\n<p class=\"translation-block\">Nezadosten vnos prehranskih vlaknin in vode je najpogostej\u0161i vzrok zaprtosti. Za zaprtost je lahko kriv tudi kaoti\u010den \u017eivljenjski slog. Del V\u0101te z imenom ap\u0101na v\u0101ta, ki se nahaja v spodnjem delu trebuha in okrog obmo\u010dja medenice, uravnava nevro-hormonsko delovanje v tem obmo\u010dju. Dejavniki, ki poru\u0161ijo normalno delovanje V\u0101te, lahko vodijo do zaprtosti in celo povzro\u010dijo nadaljnje te\u017eave, kot je denimo oslabitev biolo\u0161kega ognja.<\/p>\n<p class=\"translation-block\">Zdravljenje je usmerjeno na spremembe \u017eivljenjskega sloga, kot so denimo vzpostavitev rednega urnika obrokov, takoj\u0161en odziv na naravne potrebe, visok vnos vode in prehranskih vlaknin, vaje, ki stimulirajo in okrepijo mi\u0161ice prebavnega trakta in mi\u0161ice okrog anusa. Ob spremembah \u017eivljenjskega sloga pa se jemlje tudi karminative in blaga odvajala. Za kroni\u010dno zaprtost so priporo\u010deni posebni pa\u00f1cakarma postopki, kot so zdravilni oljni klistir (sneha-vasti) in klistirji z ajurvedkimi kombinacijami zeli\u0161\u010d (ka\u1e63\u0101ya-vasti). S temi postopki lahko izbolj\u0161amo stanje ap\u0101na v\u0101te.<\/p>\n<p><strong>Glavobol<\/strong><\/p>\n<p>Glavobol nastopi kot posledica \u0161irokega spektra vzrokov, kot so napetost, o\u010desni problemi, vnetje sinusov in visok krvni tlak. Najpogosteje se glavobol pojavi kot nenehna ali ob\u010dasna kljuvajo\u010da bole\u010dina v okoli glave. Obi\u010dajne vrste glavobolov so, neodvisno od vzroka, vedno poru\u0161ile normalno delovanje V\u0101te. Terapije, ki delujejo blagodejno in pomirjajo V\u0101to, so nasyam, \u015birodh\u0101ra, \u015birovasti in picu. Te terapije odstranijo blokade in povzro\u010dajo veliko olaj\u0161anje. Priporo\u010deno je tudi obvladovanje nivoja stresa. S pomo\u010djo joge in meditacije  se lahko zmanj\u0161uje napetost in tesnobo.\u00a0<em>V\u0101ta<\/em>. Treatments such as\u00a0<em>nasyam<\/em>,<em>\u00a0\u015birodh\u0101ra, \u015birovasti and picu<\/em>\u00a0clears the blockage and provides good relief. Stress management through yoga and meditation reduce the tension and anxiety.<\/p>\n<p><em><strong>Skrb za ko\u017eo in kozmetika<\/strong><\/em><\/p>\n<p class=\"translation-block\">V ajurvedi ko\u017ea u\u017eiva zelo visok status. Razumljena je kot eno od petih \u010dutil. Ko\u017ea je prostor, kjer lahko najdemo enega od petih delov biolo\u0161kega ognja oziroma pitte. Ta del pitte, \u2018bhr\u0101jaka pitta\u2019, ne izra\u017ea zgolj ko\u017ene polti, ampak tudi najgloblje skrivnosti na\u0161ega zdravstvenega stanja. Preu\u010devanje ko\u017ee lahko dobro usposobljenemu zdravniku ponudi dovolj informacij o splo\u0161nem zdravstvenem stanju osebe. V Ajurvedi je zato skrb za ko\u017eo veliko ve\u010d kot zgolj kozmeti\u010dna skrb. Prepletena je z razumevanjem, da se prava lepota odra\u017ea zgolj ob zdravem telesnem jedru, zato je kozmeti\u010dna skrb v ajurvedi tudi korektivna. Ajurveda se osredoto\u010da na cilj, da iz ko\u017ee izvabi njene najbolj\u0161e naravne lastnosti. Odve\u010d je poudariti, da v ajurvedi obstaja zelo u\u010dinkovito laj\u0161anje razli\u010dnih ko\u017enih stanj, od mozoljev do suhe ko\u017ee, ki ima zelo dolgo tradicijo. Pri MAYA Ayurveda vso skrb za ko\u017eo, ki jo je mo\u010d najti v teoriji ajurvede, izvajamo tudi v praksi. Do kozmeti\u010dne nege pristopamo celovito in ob tem izvedemo tudi prak\u1e5bti oceno zdravstvenega stanja, da lahko namesto za\u010dasnega izbolj\u0161anja ponudimo celovito in trajno lepotno mo\u017enost.<\/p>\n\n\t\t<\/div>\n\t<\/div>\n<\/div><\/div><\/div><\/div>\n<\/section>","protected":false},"excerpt":{"rendered":"The Four Key Entities of Treatment When it comes to applying the great wisdom of Ayurveda into practice, there are four key entities. The first and foremost is called the\u00a0Vaidya. This is a Sanskrit word which can roughly be translated to \u2018the one who knows\u2019. An Ayurveda physician is called so, but a vaidya is [...]","protected":false},"author":1,"featured_media":0,"parent":0,"menu_order":0,"comment_status":"closed","ping_status":"closed","template":"","meta":{"om_disable_all_campaigns":false,"_monsterinsights_skip_tracking":false,"_monsterinsights_sitenote_active":false,"_monsterinsights_sitenote_note":"","_monsterinsights_sitenote_category":0,"footnotes":""},"class_list":["post-1450","page","type-page","status-publish","hentry"],"aioseo_notices":[],"_links":{"self":[{"href":"https:\/\/www.mayaayurveda.com\/sl\/wp-json\/wp\/v2\/pages\/1450","targetHints":{"allow":["GET"]}}],"collection":[{"href":"https:\/\/www.mayaayurveda.com\/sl\/wp-json\/wp\/v2\/pages"}],"about":[{"href":"https:\/\/www.mayaayurveda.com\/sl\/wp-json\/wp\/v2\/types\/page"}],"author":[{"embeddable":true,"href":"https:\/\/www.mayaayurveda.com\/sl\/wp-json\/wp\/v2\/users\/1"}],"replies":[{"embeddable":true,"href":"https:\/\/www.mayaayurveda.com\/sl\/wp-json\/wp\/v2\/comments?post=1450"}],"version-history":[{"count":5,"href":"https:\/\/www.mayaayurveda.com\/sl\/wp-json\/wp\/v2\/pages\/1450\/revisions"}],"predecessor-version":[{"id":1533,"href":"https:\/\/www.mayaayurveda.com\/sl\/wp-json\/wp\/v2\/pages\/1450\/revisions\/1533"}],"wp:attachment":[{"href":"https:\/\/www.mayaayurveda.com\/sl\/wp-json\/wp\/v2\/media?parent=1450"}],"curies":[{"name":"wp","href":"https:\/\/api.w.org\/{rel}","templated":true}]}}