{"id":1454,"date":"2021-03-05T04:21:06","date_gmt":"2021-03-05T04:21:06","guid":{"rendered":"http:\/\/dev.nithi-ayurveda.com\/?page_id=1454"},"modified":"2022-07-24T10:22:59","modified_gmt":"2022-07-24T10:22:59","slug":"therapies","status":"publish","type":"page","link":"https:\/\/www.mayaayurveda.com\/sl\/therapies\/","title":{"rendered":"Terapije"},"content":{"rendered":"<section class=\"wpb-content-wrapper\"><div class=\"vc_row wpb_row vc_row-fluid\"><div class=\"wpb_column vc_column_container vc_col-sm-12\"><div class=\"vc_column-inner \"><div class=\"wpb_wrapper\">\n\t<div class=\"wpb_text_column wpb_content_element \" >\n\t\t<div class=\"wpb_wrapper\">\n\t\t\t<h1><strong>Ayurveda Therapies<\/strong><\/h1>\n<p>Ayurveda uses the two basic modalities of \u2018addition\u2019 and \u2018reduction\u2019 to help the body and its functions to attain and maintain the Balance and Harmony.<\/p>\n<p>Addition is always building up, anabolic. It is nourishing and promotes growth. Those treatments in Ayurveda that results in the addition is called b\u1e5b\u1e43ha\u1e47a cikits\u0101.<\/p>\n<p>Then there is<em>\u00a0la\u1e45ghana cikits\u0101<\/em>, which includes treatments that bring about reduction, effectively imparting either a mitigating or a cleansing action in the body. Reducing processes are applied in cases of over nourishment, accumulation of wastes, excessive tissue growth and so on.<\/p>\n<p>When diagnosed and treated on time, most of these conditions may be exclusively managed by mitigation therapy (<em>\u015bamana cikits\u0101<\/em>) alone. The majority of medications, dietary and lifestyle advises fall under the purview of\u00a0<em>\u015bamana cikits\u0101<\/em>. Also, we may have to give \u015bamana\u00a0<em>cikits\u0101<\/em>\u00a0to those individuals who are not strong enough or recommended for cleansing therapies due to their condition of lack of enough strength.<\/p>\n<p>But in conditions with very high do\u1e63a aggravation, which require elaborate detoxification or long term involvement, a cleansing therapy (<em>\u015bodhana cikits\u0101<\/em>) may have to be considered. Toxins produced as a result of faulty metabolism and also impurities entering our body from external sources may not always be timely expelled. In the due course of time it gets lodged in our tissues. In such situations, a cleansing therapy is the way to go. At times, cleansing will be advised before starting a new medicine course also.<\/p>\n<p>There are five major purification procedures which are categorized under the\u00a0<em>\u015bodhana cikits\u0101<\/em>.<\/p>\n<ol>\n<li style=\"list-style-type: none;\">\n<ol>\n<li><strong>Therapeutic Emesis<\/strong><em>\u00a0(vamana\u1e43)<\/em><\/li>\n<li><strong>Therapeutic Purgation<\/strong><em>\u00a0(virecana\u1e43)<\/em><\/li>\n<li><strong>Enema\u00a0<\/strong><em>(vasti)<\/em><\/li>\n<li><strong>Nasal Instillation\u00a0<\/strong><em>(nasya\u1e43)<\/em><\/li>\n<li><em><strong>Blood letting\u00a0<\/strong>(rakta mok\u1e63a\u1e43)<\/em><\/li>\n<\/ol>\n<\/li>\n<\/ol>\n<p><strong>Pa\u00f1cakarma<\/strong><\/p>\n<p>Pa\u00f1cakarma is a sophisticated procedure for the effective application of cleansing therapies. The literal meaning of the word pa\u00f1ca-karma is \u201cFive Procedures\u201d in Sanskrit. The five purification procedures mentioned above are done as the Major Procedure (pradh\u0101na karma). Apart from this, a typical pa\u00f1cakarma procedure will include a Preparatory Procedure (p\u016brva karma) and a Subsequent Procedure (pa\u015bc\u0101t karma).<\/p>\n<p>&nbsp;<\/p>\n<p>In general, the following steps are involved in various stages of Pa\u00f1cakarma:<\/p>\n<ol>\n<li><strong>Preparatory procedure (<em>p\u016brva karma<\/em>)<\/strong>&#8211; This step readies the body for cleansing. First an unction therapy (snehana) is done. In this step, the individual is given oil or other fats either internally as medicated fat or as external applications as oil application. This softens and loosens the accumulated filth and metabolic toxins attached to the channels (srotas). This is followed by the next step which is a sudation (svedana) process. Svedana helps in dislodging these toxins from the tissues and brings it back to the gut. A common example of a sudation process is a steam bath.<\/li>\n<li><strong>Major procedure (<em>pradh\u0101na karma<\/em>)<\/strong>&#8211; The purpose of the major procedure is to expel these toxins and filth that have been brought back to the gut or circulatory system.<\/li>\n<li><strong>Subsequent procedure (<em>pa\u015bc\u0101t karma<\/em>)<\/strong>&#8211; It is observed that after the intensive cleansing procedure, the bio-fire and strength of the individual is weakened. The subsequent procedure is done to replenish the bio-fire and gain the normal strength back. Generally this includes diet, medicines and daily routine.<\/li>\n<\/ol>\n<p><em>Pa\u00f1cakarma<\/em>\u00a0can be applied in almost all diseases as an ultimate curative solution as per classical Ayurvedic literature. One can even find passages in \u1e5agveda mentioning eradication of diseases through natural orifices, suggesting knowledge of pa\u00f1cakarma in the Vedic period itself. Pa\u00f1cakarma is designed in such a way that by expelling the wastes from the body, it also allows the longstanding Balance of the do\u1e63as and thereby facilitates the natural repair and regeneration of vital tissues. So, the preventive aspect of Ayurveda also utilizes this modality on a large scale.<\/p>\n<p>The enormous success rate of this procedure has made it ever popular internationally. Most other systems of medicines fail to identify the deep seated toxins and address only the superficial waste expulsion. In making this differentiation, Ayurveda brings clarity into detoxification and helps guard against the side effects of excess or wrongly administered detoxification therapies.<\/p>\n<p><em>Pa\u00f1cakarma\u00a0<\/em>is considered even more powerful than a surgical procedure and hence the focus and precision that it demands is also high. These treatment procedures must only be charted out and performed by expert physicians and therapists. For this reason MAYA AYURVEDA takes special attention while forming our clinical team and ensures that the physicians, therapists and medicines are simply the best.<\/p>\n<p><strong>The five Major Procedures<\/strong><\/p>\n<p>Based on the location of do\u1e63a aggravation, specific diagnosis and channels (<em>srotas<\/em>) involved in a condition and so on, the physician may choose any or a combination of cleansing procedures.<\/p>\n<p>There are five major purification procedures which are categorized under the\u00a0<em>\u015bodhana cikits\u0101<\/em>.<\/p>\n<ol>\n<li>Therapeutic Emesis (<em>vamana\u1e43<\/em>)<\/li>\n<li>Therapeutic Purgation (<em>virecana\u1e43<\/em>)<\/li>\n<li>Medicated Enema (<em>vasti<\/em>)<\/li>\n<li>Nasal Instillation (<em>nasya\u1e43<\/em>)<\/li>\n<li>Bloodletting (<em>rakta mok\u1e63a\u1e43<\/em>)<\/li>\n<\/ol>\n<p>Therapeutic Emesis (vamana\u1e43)<\/p>\n<p>In therapeutic emesis (vamana\u1e43), medicated emetic (vomiting inducing ayurvedic formulations) is administered orally. This controlled emesis eliminates the toxic or waste matters from the upper part of the body like the chest, throat, upper part of gut, stomach and head. Usually, if a cleansing is to be administered for a Kapha dominant disease or conditions affecting the neck or above, the procedure of choice would be vamana\u1e43.<\/p>\n<p>General Procedure<\/p>\n<p>The person eligible for this procedure is given Kapha increasing foods the night before. On the day of therapy, first preparatory procedures like unction (<em>snehana<\/em>) and sudation (<em>svedana<\/em>) are done. Then, after ablutions and a hot water bath, the patient is asked to sit in a relaxed manner in an armchair. Milk is commonly used as a vehicle for emetics. For lactose intolerant persons, sugarcane juice can be used. The emetic formulation may contain herbal ingredients like Emetic nut [madanaphala- Catunaregam spinosa (<em>Thunb<\/em>.) Triveng], Liquorice [<em>ya\u1e63\u1e6dimadhu- Glycurrhiza glabra L.<\/em>], Sweet flag [<em>vac\u0101- Acorus calamus L.<\/em>], rock salt, honey etc. Milk mixed with this paste is to be taken to the maximum capacity. Emesis usually starts within a few minutes. While vomiting, the person&#8217;s head will be held and their back will be massaged in an upward direction. When most of the accumulated Kapha and wastes are removed, the final bouts may show signs of bile (greenish yellow fluid) in it and the bouts stop naturally. Generally eight to ten bouts are seen. If the bouts are less, vomiting should be produced by gagging with the fingers, stalk of lotus flower or a quill. Once the procedure is completed, the face and hands are washed with warm water. This may be followed by inhalation of medicated fumes. A strict diet regimen is followed afterwards.<\/p>\n<p>Some of the conditions that generally benefits by therapeutic emesis (<em>vamana<\/em>):<\/p>\n<ul>\n<li>Skin diseases like psoriasis and urticaria<\/li>\n<li>Bronchial asthma<\/li>\n<li>Mental disorders<\/li>\n<li>Headache<\/li>\n<li>Respiratory congestion<\/li>\n<li>Bronchitis<\/li>\n<li>Chronic cold<\/li>\n<li>Chronic sinus congestion<\/li>\n<li>Asthma<\/li>\n<li>Cough<\/li>\n<li>Cold<\/li>\n<li>Fever<\/li>\n<li>Loss of appetite<\/li>\n<li>Anaemia<\/li>\n<li>Poisoning<\/li>\n<li>Skin diseases<\/li>\n<li>Diabetes<\/li>\n<li>Lymphatic obstruction<\/li>\n<li>Chronic indigestion<\/li>\n<li>Oedema (swelling)<\/li>\n<li>Recurrent tonsillitis<\/li>\n<\/ul>\n<p>Contra-Indications<\/p>\n<p>Children below the age of 12 or those who are above the age of 65, during menstruation, pregnancy, emaciation, delicate or sensitive person with too much fear, grief or anxiety hypoglycemia, v\u0101ta prak\u1e5bti, v\u0101ta diseases, heart diseases, during v\u0101ta season, acute fever, diarrhoea, obesity, etc.<\/p>\n<p><em><strong>Therapeutic Purgation (virecana\u1e43)<\/strong><\/em><\/p>\n<p>Therapeutic purgation eliminates the filth accumulated in the body by bringing it back to the intestines and expelling it along with stools. It is the best cleansing procedure for Pitta or\u00a0<em>Pitta<\/em>-predominant conditions. This is because the purgative medicines have to pass down from the stomach to the intestines and get processed by the\u00a0<em>Pitta<\/em>\u00a0for it to act properly. The Pitta do\u1e63a also gets rectified in the process.<\/p>\n<p><strong>General Procedure<\/strong><\/p>\n<p>After doing the preparatory procedures (unction and sudation), the person eligible for\u00a0<em>virecana<\/em>\u00a0is given the herbal purgative medicine. A variety of medicines are used for this procedure. Typically, when administered as an intensive therapy, about 20 purges may occur in one session depending on the patient&#8217;s health. There is also a less intense model of this treatment which acts as a mild purgative. This can be performed with common herbs including castor oil, senna, flaxseed husk, or even with cow&#8217;s milk, salt and raisins. Ayurveda formulations like\u00a0<em>Avipatti c\u016br\u1e47a<\/em>\u00a0or<em>\u00a0Triphal\u0101<\/em>\u00a0may also be used. This model does not require stringent preparatory procedures. The number of purges are also much lesser. It can even be administered for days together.<\/p>\n<p>Some conditions that are relieved with therapeutic purgation (<em>virecana<\/em>):<\/p>\n<ul>\n<li>Allergic rashes<\/li>\n<li>Skin inflammation<\/li>\n<li>Acne<\/li>\n<li>Dermatitis<\/li>\n<li>Eczema<\/li>\n<li>Chronic fever<\/li>\n<li>Ascites<\/li>\n<li>Recurrent vomiting<\/li>\n<li>Jaundice<\/li>\n<li>Renal diseases<\/li>\n<li>Spleen enlargement<\/li>\n<li>Internal worms<\/li>\n<li>Diseases of the eyes like burning sensation and conjunctivitis<\/li>\n<li>Gout<\/li>\n<\/ul>\n<p><strong>Contra-Indications<\/strong><\/p>\n<p>Reduced bio-fire (agni), acute fever, diarrhoea, severe constipation, bleeding from rectum or lung cavities foreign body in the stomach after enema emaciation or weakness prolapsed rectum, alcoholism, dehydration, childhood old age ulcerative colitis etc.<\/p>\n<p><strong>Medicated Enema (vasti)<\/strong><\/p>\n<p>The procedure of choice to eliminate toxins from the lower part of the abdomen is Medicated Enema (vasti). Some types of vasti can strengthen the tissues as well. In vasti, the Ayurveda medications are administered via the anal route. Vasti is most ideal for V\u0101ta do\u1e63a increase or conditions with V\u0101ta predominance. Based on the type of liquid vehicle, vasti is classified into Decoction enema (nir\u016bha vasti) and Fat enema (sneha vasti). While the former is mostly used for cleansing procedures, the later can be used as an additive therapy (b\u1e5b\u1e43ha\u1e47a cikits\u0101) or as a preparatory procedure (p\u016brvakarma). Vasti is a very important treatment procedure in Ayurveda and it is often given more importance than surgery itself. They say that if vasti is done, the condition is already half cured. There are over 100 specific enemas listed in Ayurveda.<\/p>\n<p>The Ayurveda medicine for decoction enema is prepared in a unique style. Ingredients like honey, rock salt, oil, special herbal pastes and specific decoctions are carefully mixed one by one in a specific order by hand. It is mixed carefully to make an emulsion like liquid and is given as rectal administration.<\/p>\n<p><em><strong>General Procedure<\/strong><\/em><\/p>\n<p>When given as a cleansing therapy, all general preparatory procedures including the unction and sudation are to be done. The person may require taking some mild amount of energizing and hydrating food and drinks beforehand. The eligible person is then made to lie down calm and relaxed on the treatment table (dh\u0101r\u0101 p\u0101tti) facing his left on his side. The apparatus used for administration is called a vasti yantra. Traditionally it has two parts- one, a pouch (vasti sa\u00f1ci) in which the medicine is filled and two, a cone shaped nozzle (vasti netra) which is gently inserted into the anus to administer the medicine. Decoction enemas are generally stimulating in effect and after a few minutes of administration, the person will have the urge to pass stools. Once this occurs, the main procedure is completed. Then the person is allowed to take a bath and is asked to take light and digestive food when they feel hungry.<\/p>\n<p>Some conditions that are relieved with medicated enema (vasti):<\/p>\n<ul>\n<li>V\u0101ta predominant disease like hemiplegia<\/li>\n<li>Chronic constipation<\/li>\n<li>Distended abdomen<\/li>\n<li>Chronic fever<\/li>\n<li>Common cold<\/li>\n<li>Sexual disorders<\/li>\n<li>Kidney stones<\/li>\n<li>Gout<\/li>\n<li>Rheumatism<\/li>\n<li>Sciatica<\/li>\n<li>Muscle spasms<\/li>\n<li>Heart pain<\/li>\n<li>Backache<\/li>\n<li>Headache<\/li>\n<li>Emaciation muscular atrophy and other pains in the joints<\/li>\n<\/ul>\n<p>Contra-Indications<\/p>\n<p>Diarrhoea, bleeding of the rectum, haemorrhoids, chronic indigestion, breathlessness, diabetes, fever, pregnancy, emaciation, severe anaemia, pulmonary tuberculosis, old age or for children below the age of seven years.<\/p>\n<p><strong>Nasal Instillation (nasya\u1e43)<\/strong><\/p>\n<p>Ayurveda has this special treatment procedure in which medicated liquids or powders are administered via the nose. The nose is the doorway to the brain and consciousness. As the head and shoulders are the abode of kapha do\u1e63a, nasay\u1e43 is the cleansing therapy most suited for diseases of the head and sense organs. So the toxins and filth accumulated in the sinus, throat, nose or head areas is eliminated by means of the nearest possible opening, the nose, by using nasya\u1e43. It is also observed that nasya\u1e43 is highly beneficial in neuro-hormonal conditions. So, apart from being administered as a cleansing procedure, milder medications may be applied in smaller doses as part of regular administration, to improve functions of nerves, hormones, sensory organs as well as stimulating overall immunity and health.<\/p>\n<p><em><strong>General procedure<\/strong><\/em><\/p>\n<p>The timing of this process is fixed based on the condition, season etc. But generally it is done during the morning near to sunrise for Kapha, noon time for Pitta and evening before sunset for V\u0101ta conditions. The person to be given nasya\u1e43 is prepared by massaging the neck, shoulder, palm, face and sole with warm Ayurveda oils. This may also be repeated after completion of the procedure as well. The person can either be seated facing east or lied down facing up. The nasal opening is held as vertical as possible. The medicine is taken in a dropper and dripped into each nostril while the other nostril is kept close.<\/p>\n<p>Some conditions that are relieved with nasal instillation (nasya\u1e43)<\/p>\n<ul>\n<li>Conditions of the neck and above<\/li>\n<li>Emotional distress<\/li>\n<li>Stiffness in the neck &amp; shoulders<\/li>\n<li>Dryness of the nose<\/li>\n<li>Sinus congestion<\/li>\n<li>Hoarseness<\/li>\n<li>Migraine<\/li>\n<li>Headache<\/li>\n<li>Convulsions<\/li>\n<li>Ear diseases<\/li>\n<li>Eye disease<\/li>\n<li>Toothache<\/li>\n<li>Cervical disorders<\/li>\n<li>Diseases of mouth<\/li>\n<\/ul>\n<p>Contra-Indications:<\/p>\n<p>Indigestion, after washing the head, after taking food or alcohol, pregnant women, post-delivery period, children below 10 and persons above 70 years of age.<\/p>\n<p><strong>Bloodletting (rakta mok\u1e63a\u1e43)<\/strong><\/p>\n<p>The very sustenance of life (j\u012bvana\u1e43) is ensured by blood. As it percolates almost all tissues, blood is a reflection of both our wellness as well as diseases. Along with nutrients, it also carries metabolic wastes and pathological factors. Some schools of thought in Ayurveda give blood a status of a do\u1e63a (bio-energy) itself. This is the relevance of a cleansing therapy exclusive to the blood. It is a para-surgical procedure and hence done by specialists only.<\/p>\n<p><em><strong>General Procedure<\/strong><\/em><\/p>\n<p>The exact type and method of bloodletting is decided upon the degree of vitiation, location, age, health and a lot of other factors. In general, there are four methods advocated in Ayurveda.<\/p>\n<ul>\n<li><strong><em>Pracch\u0101na\u00a0<\/em><\/strong>is a type of bloodletting where repeated small pricks are done over the skin just enough to get capillaries to ooze out blood. This is ideal for a diffuse bleeding in a region of the skin.<\/li>\n<li><em><strong>Sir\u0101vyadha\u1e43\u00a0<\/strong><\/em>is the classical venipuncture, wherein which the vein of an area is located and punctured to let out a specific quantity of blood.<\/li>\n<li><em><strong>S\u1e5b\u1e45ga<\/strong><\/em>\u00a0is a method that uses a draining apparatus (traditionally, horns of animals were used, hence the name). This is used to drain out pooled or impure blood from a localized area.<\/li>\n<li><em><strong>Al\u0101bu<\/strong><\/em>\u00a0is in fact a cupping method. Dried hemispherical fruit pods are used as vacuum cups over the skin and blood diffuses into the cup due to vacuum.<\/li>\n<\/ul>\n<p><strong>Specialized Therapies<\/strong><\/p>\n<p>Ayurveda has been in practice for more than 5000 years now. In the course of its evolution, many of its treatment procedures also transformed. These transformations incorporated improved effectiveness, convenient application for both the practitioner and the patient, combination of two or more therapeutic entities and so on. Today, these procedures are grouped as specialized therapies in Ayurveda. Taking into account the subtle variations and improvisation made on them by physicians around the world, there are literally hundreds of specialized procedures.<\/p>\n<p>After a detailed consultation with our physician, the constitution (prak\u1e5bti) and derangement from it (<em>vik\u1e5bti<\/em>) is identified and the most suitable treatment is charted out. One of the advantages of specialized therapies is that they can be done as a preparatory or supportive therapy for pa\u00f1cakarma and also as stand-alone therapy as part of a treatment plan for a condition.<\/p>\n<p>At MAYA AYURVEDA, we have customized some of the most effective and popular specialized therapies so that it can give the best of effectiveness and convenience to our clients, with a signature of MAYA AYURVEDA We have a highly thought out plan for conditions like obesity, arthritis, infertility, psoriasis, skin conditions, headache, gynaecological conditions, digestive disorders and so on. Here are some of our unique Specialized Therapies:<\/p>\n<p><strong>Body Irrigation (k\u0101ya seka\u1e43)<\/strong><\/p>\n<p>Also known as<em>\u00a0pizhiccil<\/em>, oil-bath is one of the exclusive treatments practiced in Kerala, the State in India where Ayurveda is practiced in its most pristine form. It can be rightfully called as the king among the specialized therapies. This therapy is a strategic combination of two classical Ayurveda treatments, unction (snehana\u1e43) and sudation (<em>svedana\u1e43<\/em>). The entire body is subjected to pouring of the medicated oil or other liquids with simultaneous and gentle massages. Generally, this therapy protects the body from illnesses, builds up immunity and slows down the degeneration due to ageing.<\/p>\n<p>Some conditions that are found to benefit well from this therapy are:<\/p>\n<ul>\n<li>Chronic v\u0101ta or v\u0101ta-rakta disorders<\/li>\n<li>Hemiplegia<\/li>\n<li>Motor neuron disorders<\/li>\n<li>Muscular atrophy<\/li>\n<li>Generalized muscle spasm<\/li>\n<li>Muscle stiffness<\/li>\n<li>Degenerative joint disorders<\/li>\n<li>Sexual weakness<\/li>\n<li>Blood pressure<\/li>\n<li>Nervous weakness<\/li>\n<\/ul>\n<p><strong>Forehead Irrigation (\u015birodh\u0101ra)<\/strong><\/p>\n<p><em>\u015airodh\u0101ra<\/em>\u00a0is a very popular procedure. Perhaps you might have already seen pictures of it. Essentially, it involves pouring of an uninterrupted thin stream of medicated liquid, usually oils, over the forehead with a rhythmic side to side oscillation, for a stipulated period of time. The rhythm of these oscillations is of much importance as it stimulates the seat of our cognition, resulting in channelization of bio-energies and restoration of good health.<em>\u00a0\u015airodh\u0101ra<\/em>\u00a0rejuvenates and revitalizes the body and mind and ultimately strengthens the physical constitution of the individual and also relieves stress and strain related problems. It imparts better vision, better hearing and clears several nasal problems. This slows the aging process, improves memory and is also known to have superlative curative effects<\/p>\n<p><em>\u015airodh\u0101ra<\/em>\u00a0is found to be exclusively beneficial in:<\/p>\n<ul>\n<li>V\u0101ta or v\u0101ta-pitta dominating conditions<\/li>\n<li>Paralysis<\/li>\n<li>Insomnia<\/li>\n<li>Depression<\/li>\n<li>Anxiety<\/li>\n<li>Hypertension<\/li>\n<li>Anorexia<\/li>\n<li>Neurological malfunctions<\/li>\n<li>Dandruff<\/li>\n<li>Hair fall<\/li>\n<li>Burning sensation of head<\/li>\n<\/ul>\n<p><strong>Powder Poultice Fomentation (<em>c\u016br\u1e47a-pi\u1e47\u1e0da sveda\u1e43<\/em>)<\/strong><\/p>\n<p><em>C\u016br\u1e47a-pi\u1e47\u1e0da<\/em>\u00a0sveda\u1e43 is basically an augmented sudation therapy (<em>svedana\u1e43<\/em>). In this, the warm poultices of herbal powders are used to mitigate v\u0101ta. It is usually preceded by an unction therapy (<em>snehana<\/em>\u1e43), most commonly an oil massage (<em>abhya\u1e45ga\u1e43<\/em>) of the whole body. Further to this, the poultices which are made of herbal powders tied up in a cotton cloth, is warmed and applied after dipping it in specific medicated oils. These poultices are not only just applied but also are run along the body like in a massage. It is considered as one of the most proficient therapies to relieve neurological pain and stiffness.<\/p>\n<p><em>C\u016br\u1e47a-pi\u1e47\u1e0da<\/em>\u00a0sveda\u1e43 is specially indicated in disorders such as pain without inflammatory swelling at any part of the body including the joints, painful conditions in obese people and in paralysis.<\/p>\n\n\t\t<\/div>\n\t<\/div>\n<\/div><\/div><\/div><\/div>\n<\/section>","protected":false},"excerpt":{"rendered":"Ayurveda Therapies Ayurveda uses the two basic modalities of \u2018addition\u2019 and \u2018reduction\u2019 to help the body and its functions to attain and maintain the Balance and Harmony. Addition is always building up, anabolic. It is nourishing and promotes growth. Those treatments in Ayurveda that results in the addition is called b\u1e5b\u1e43ha\u1e47a cikits\u0101. Then there is\u00a0la\u1e45ghana [...]","protected":false},"author":1,"featured_media":0,"parent":0,"menu_order":0,"comment_status":"closed","ping_status":"closed","template":"","meta":{"om_disable_all_campaigns":false,"_monsterinsights_skip_tracking":false,"_monsterinsights_sitenote_active":false,"_monsterinsights_sitenote_note":"","_monsterinsights_sitenote_category":0,"footnotes":""},"class_list":["post-1454","page","type-page","status-publish","hentry"],"aioseo_notices":[],"_links":{"self":[{"href":"https:\/\/www.mayaayurveda.com\/sl\/wp-json\/wp\/v2\/pages\/1454","targetHints":{"allow":["GET"]}}],"collection":[{"href":"https:\/\/www.mayaayurveda.com\/sl\/wp-json\/wp\/v2\/pages"}],"about":[{"href":"https:\/\/www.mayaayurveda.com\/sl\/wp-json\/wp\/v2\/types\/page"}],"author":[{"embeddable":true,"href":"https:\/\/www.mayaayurveda.com\/sl\/wp-json\/wp\/v2\/users\/1"}],"replies":[{"embeddable":true,"href":"https:\/\/www.mayaayurveda.com\/sl\/wp-json\/wp\/v2\/comments?post=1454"}],"version-history":[{"count":5,"href":"https:\/\/www.mayaayurveda.com\/sl\/wp-json\/wp\/v2\/pages\/1454\/revisions"}],"predecessor-version":[{"id":1532,"href":"https:\/\/www.mayaayurveda.com\/sl\/wp-json\/wp\/v2\/pages\/1454\/revisions\/1532"}],"wp:attachment":[{"href":"https:\/\/www.mayaayurveda.com\/sl\/wp-json\/wp\/v2\/media?parent=1454"}],"curies":[{"name":"wp","href":"https:\/\/api.w.org\/{rel}","templated":true}]}}