{"id":1793,"date":"2023-04-10T13:57:56","date_gmt":"2023-04-10T13:57:56","guid":{"rendered":"http:\/\/dev.maya-ayurveda.com\/?page_id=1793"},"modified":"2024-03-30T13:11:12","modified_gmt":"2024-03-30T11:11:12","slug":"dr-siju-sukumaran","status":"publish","type":"page","link":"https:\/\/www.mayaayurveda.com\/sl\/dr-siju-sukumaran\/","title":{"rendered":"dr. Siju Sukumaran"},"content":{"rendered":"<section class=\"wpb-content-wrapper\"><div class=\"vc_row wpb_row vc_row-fluid\"><div class=\"wpb_column vc_column_container vc_col-sm-12\"><div class=\"vc_column-inner\"><div class=\"wpb_wrapper\">\n\t<div class=\"wpb_text_column wpb_content_element\" >\n\t\t<div class=\"wpb_wrapper\">\n\t\t\t<div class=\"wp-block-media-text alignwide is-stacked-on-mobile\" style=\"grid-template-columns: 20% auto;\">\n<figure class=\"wp-block-media-text__media\"><img loading=\"lazy\" decoding=\"async\" class=\"alignnone wp-image-1864 size-medium\" src=\"https:\/\/mayaayurveda.com\/wp-content\/uploads\/2023\/09\/mayaayurveda-274x300.jpg\" alt=\"mayaayurveda\" width=\"274\" height=\"300\" srcset=\"https:\/\/www.mayaayurveda.com\/wp-content\/uploads\/2023\/09\/mayaayurveda-274x300.jpg 274w, https:\/\/www.mayaayurveda.com\/wp-content\/uploads\/2023\/09\/mayaayurveda-11x12.jpg 11w, https:\/\/www.mayaayurveda.com\/wp-content\/uploads\/2023\/09\/mayaayurveda.jpg 300w\" sizes=\"auto, (max-width: 274px) 100vw, 274px\" \/><\/figure>\n<div class=\"wp-block-media-text__content\">\n<p>Dr. Siju Sukumaran je priznani indijski zdravnik Ayurvede\/Vaidya. Rodil se je v okro\u017eju Kollam v Kerali v Indiji.<\/p>\n<p><\/p>\n<p>Zaradi so\u010dutja do so\u010dloveka in gore\u010dega zanimanja za zdravilna zeli\u0161\u010da, se je odlo\u010dil za na\u010din zdravljenja ljudi z zeli\u0161\u010di. \u0160tudiral je znanost Ayurvede in diplomiral iz Ayurvedske medicine in kirurgije (BAMS - Bachelor of Ayurvedic Medicine and Surgery) na dr\u017eavni fakulteti Ayurvede v Trivandrumu, eni izmed najbolj\u0161ih fakultet Ayurvede na svetu. Pridobil je strokovno znanje iz Ashtangas(8 vej) Ayurvede:<\/p>\n<\/div>\n<\/div>\n<ul class=\"wp-block-list\">\n<li style=\"list-style-type: none;\">\n<ul>\n<li style=\"list-style-type: none;\">\n<ul>\n<li>Kaya Chikitsa (splo\u0161na medicina)<\/li>\n<\/ul>\n<\/li>\n<\/ul>\n<p><\/p>\n<ul>\n<li style=\"list-style-type: none;\">\n<ul>\n<li>Salya Tantra (kirurgija)<\/li>\n<\/ul>\n<\/li>\n<\/ul>\n<p><\/p>\n<ul>\n<li style=\"list-style-type: none;\">\n<ul>\n<li>Salakya Tantra (ORL - otorinolaringologija in oftalmologija)<\/li>\n<\/ul>\n<\/li>\n<\/ul>\n<p><\/p>\n<ul>\n<li style=\"list-style-type: none;\">\n<ul>\n<li>Kaumarabhritya (pediatrija)<\/li>\n<\/ul>\n<\/li>\n<\/ul>\n<p><\/p>\n<ul>\n<li style=\"list-style-type: none;\">\n<ul>\n<li>Agada Tantra (toksikologija)<\/li>\n<\/ul>\n<\/li>\n<\/ul>\n<p><\/p>\n<ul>\n<li style=\"list-style-type: none;\">\n<ul>\n<li>Bhutavidya (psihiatrija)<\/li>\n<\/ul>\n<\/li>\n<\/ul>\n<p><\/p>\n<ul>\n<li style=\"list-style-type: none;\">\n<ul>\n<li>Rasayana (geriatrija)<\/li>\n<\/ul>\n<\/li>\n<\/ul>\n<p><\/p>\n<ul>\n<li style=\"list-style-type: none;\">\n<ul>\n<li>Vajeekarana (afrodiziaki) skupaj z<\/li>\n<\/ul>\n<\/li>\n<\/ul>\n<p><\/p>\n<ul>\n<li>Prasoothitantra (ginekologija)<\/li>\n<\/ul>\n<\/li>\n<\/ul>\n<p>Nato je opravljal prakso v ve\u010d Ayurvedskih bolni\u0161nicah po vsej Indiji in si tako pridobil izku\u0161nje v obravnavi in zdravljenju \u0161tevilnih bolezenskih stanj.<\/p>\n<p>Dr. Siju si je hkrati prizadeval raz\u0161iriti svoje znanje o razli\u010dnih drugih vidikih starodavne indijske medicine. Od tradicionalnih Ayurvedskih Vaidya je pridobil znanje o pulzni diagnozi in dragoceno zavedanje o \u0161tevilnih redkih zdravilnih zeli\u0161\u010dih.<\/p>\n<p>Svoje znanje je \u0161e dodatno raz\u0161iril na podro\u010dju joge in terapije z marmo (vitalnimi to\u010dkami). Opravil je te\u010daj TTC (Teachers Training Course) v mednarodnem a\u0161ramu Sivananda Yoga Vedanta Dhanwantari. Na in\u0161titutu Thirumoolar Varmology Institute of Tamil Nadu se je strokovno usposabljal za Marma terapijo.<\/p>\n<p><a href=\"https:\/\/www.naravazdravi.si\/ayurveda-o-oceh\/\">Dr.Siju<\/a> je vsa zgoraj navedena znanja prefinjeno vpletel v svojo metodo diagnosticiranja in prakso, zaradi \u010desar je le-ta edinstvena.<\/p>\n<p class=\"translation-block\">Leta 2015, je Dr. Siju, Maja\u00a0Abouda povabila k delu v <a href=\"https:\/\/www.mayaayurveda.com\/en\/\" target=\"_self\">Ayurveda Clinic<\/a> kot glavni zdravnik za svetovanje strankam. Leta 2020 se je pridru\u017eil njeni skupini, kliniki Maya Ayurveda in od takrat ni ve\u010d poti nazaj. Ima izku\u0161nje z obravnavo \u0161tevilnih bolezni in stanj. \u010ce \u017eelite izkusiti ajurvedo, \u00bbSiju way\u00ab, dobrodo\u0161li v Maja Abouda Ajurveda.<\/p>\n<p>\u00a0<\/p>\n\n\t\t<\/div>\n\t<\/div>\n<\/div><\/div><\/div><\/div>\n<\/section>","protected":false},"excerpt":{"rendered":"Dr.Siju Sukumaran is a renowned Indian Ayurveda Physician\/ Vaidya. He was born in Kollam district of Kerala, India. Being compassionate towards fellow beings and having ardent interest in medicinal herbs, he chose the path of healing people the herbal way. He studied the science of Ayurveda and graduated as Bachelor of Ayurvedic Medicine and Surgery [...]","protected":false},"author":2,"featured_media":0,"parent":0,"menu_order":0,"comment_status":"closed","ping_status":"closed","template":"","meta":{"om_disable_all_campaigns":false,"_monsterinsights_skip_tracking":false,"_monsterinsights_sitenote_active":false,"_monsterinsights_sitenote_note":"","_monsterinsights_sitenote_category":0,"footnotes":""},"class_list":["post-1793","page","type-page","status-publish","hentry"],"aioseo_notices":[],"_links":{"self":[{"href":"https:\/\/www.mayaayurveda.com\/sl\/wp-json\/wp\/v2\/pages\/1793","targetHints":{"allow":["GET"]}}],"collection":[{"href":"https:\/\/www.mayaayurveda.com\/sl\/wp-json\/wp\/v2\/pages"}],"about":[{"href":"https:\/\/www.mayaayurveda.com\/sl\/wp-json\/wp\/v2\/types\/page"}],"author":[{"embeddable":true,"href":"https:\/\/www.mayaayurveda.com\/sl\/wp-json\/wp\/v2\/users\/2"}],"replies":[{"embeddable":true,"href":"https:\/\/www.mayaayurveda.com\/sl\/wp-json\/wp\/v2\/comments?post=1793"}],"version-history":[{"count":14,"href":"https:\/\/www.mayaayurveda.com\/sl\/wp-json\/wp\/v2\/pages\/1793\/revisions"}],"predecessor-version":[{"id":1995,"href":"https:\/\/www.mayaayurveda.com\/sl\/wp-json\/wp\/v2\/pages\/1793\/revisions\/1995"}],"wp:attachment":[{"href":"https:\/\/www.mayaayurveda.com\/sl\/wp-json\/wp\/v2\/media?parent=1793"}],"curies":[{"name":"wp","href":"https:\/\/api.w.org\/{rel}","templated":true}]}}