{"id":245,"date":"2018-12-12T05:28:19","date_gmt":"2018-12-12T05:28:19","guid":{"rendered":"http:\/\/dev.nithi-ayurveda.com\/?page_id=245"},"modified":"2023-11-30T09:58:36","modified_gmt":"2023-11-30T07:58:36","slug":"home","status":"publish","type":"page","link":"https:\/\/www.mayaayurveda.com\/sl\/","title":{"rendered":"Domov"},"content":{"rendered":"<section class=\"wpb-content-wrapper\"><div data-vc-full-width=\"true\" data-vc-full-width-init=\"false\" class=\"vc_row wpb_row vc_row-fluid img_border_top vc_custom_1545724355346\"><div class=\"wpb_column vc_column_container vc_col-sm-12\"><div class=\"vc_column-inner \"><div class=\"wpb_wrapper\"><div class='dt-sc-title border-title '><h2>A warm welcome to Maya Ayurveda<\/h2><\/div><div id=\"1610532646370-67c804a3-610c\" class=\"dt-sc-empty-space\"><\/div><h2 style=\"font-size: 20px;color: #725510;line-height: 1;text-align: center;font-family:Overlock;font-weight:400;font-style:italic\" class=\"vc_custom_heading\">Ayurveda Treatments are meant to improve your well-being through the application of an ancient healing tradition which originated in India 5000 years ago. Maya Ayurveda in Ljubljana Slovenia offers treatments for illnesses such as eczema, psoriasis, rheumatic arthritis, diabetes, back pain, gynecology problems, sinusitis, and migraines among many others.<\/h2><h2 style=\"font-size: 20px;color: #725510;line-height: 1;text-align: center;font-family:Overlock;font-weight:400;font-style:italic\" class=\"vc_custom_heading\">We assure you the best services. All the personnel, including the physicians and therapists are carefully selected and are given exclusive training to give you the finest care and hospitality.<\/h2><\/div><\/div><\/div><div class=\"wpb_column vc_column_container vc_col-sm-12\"><div class=\"vc_column-inner \"><div class=\"wpb_wrapper\"><div id=\"1680106406138-ebe71b79-4c78\" class=\"dt-sc-empty-space\"><\/div><\/div><\/div><\/div><\/div><div class=\"vc_row-full-width vc_clearfix\"><\/div><section data-vc-full-width=\"true\" data-vc-full-width-init=\"false\" class=\"vc_section vc_custom_1545284856458 vc_section-has-fill\"><div data-vc-full-width=\"true\" data-vc-full-width-init=\"false\" data-vc-stretch-content=\"true\" class=\"vc_row wpb_row vc_row-fluid vc_custom_1679856729439 vc_row-has-fill vc_row-no-padding vc_row-o-content-middle vc_row-flex\"><div class=\"wpb_column vc_column_container vc_col-sm-12\"><div class=\"vc_column-inner \" style=\" text-align:center; \"><div class=\"wpb_wrapper\"><h2 style=\"color: #7c6300;line-height: 1;text-align: center;font-family:Courgette;font-weight:400;font-style:normal\" class=\"vc_custom_heading wpb_animate_when_almost_visible wpb_fadeInUp fadeInUp vc_custom_1679857780090\">A healthy outside starts from the inside.<\/h2><\/div><\/div><\/div><\/div><div class=\"vc_row-full-width vc_clearfix\"><\/div><!-- Row Backgrounds --><div class=\"upb_grad\" data-grad=\"background: -webkit-gradient(linear, left top, left bottom, color-stop(0%, #B6DE50), color-stop(45%, #C8EB67), color-stop(78%, #D3F090), color-stop(100%, #E6F0C0));background: -moz-linear-gradient(top,#B6DE50 0%,#C8EB67 45%,#D3F090 78%,#E6F0C0 100%);background: -webkit-linear-gradient(top,#B6DE50 0%,#C8EB67 45%,#D3F090 78%,#E6F0C0 100%);background: -o-linear-gradient(top,#B6DE50 0%,#C8EB67 45%,#D3F090 78%,#E6F0C0 100%);background: -ms-linear-gradient(top,#B6DE50 0%,#C8EB67 45%,#D3F090 78%,#E6F0C0 100%);background: linear-gradient(top,#B6DE50 0%,#C8EB67 45%,#D3F090 78%,#E6F0C0 100%);\" data-bg-override=\"0\" data-upb-overlay-color=\"\" data-upb-bg-animation=\"\" data-fadeout=\"\" data-fadeout-percentage=\"30\" data-parallax-content=\"\" data-parallax-content-sense=\"30\" data-row-effect-mobile-disable=\"true\" data-img-parallax-mobile-disable=\"true\" data-rtl=\"false\"  data-custom-vc-row=\"\"  data-vc=\"7.0\"  data-is_old_vc=\"\"  data-theme-support=\"\"   data-overlay=\"false\" data-overlay-color=\"\" data-overlay-pattern=\"\" data-overlay-pattern-opacity=\"\" data-overlay-pattern-size=\"\"    ><\/div><\/section><div class=\"vc_row-full-width vc_clearfix\"><\/div><div class=\"vc_row wpb_row vc_row-fluid\"><div class=\"wpb_column vc_column_container vc_col-sm-12\"><div class=\"vc_column-inner \"><div class=\"wpb_wrapper\"><div id=\"1679854545355-11dae783-e266\" class=\"dt-sc-empty-space\"><\/div><div class=\"ult-team-member-wrap ult-style-1  \"><div class=\"ult-team-member-image\" style=\"\"> <img decoding=\"async\" class=\"ult-team-grayscale\" src=\"https:\/\/www.mayaayurveda.com\/wp-content\/uploads\/2023\/01\/DSC_0700-copy.png\" alt=\"null\"  style=\"\"><span class=\"ult-team-member-image-overlay \"  ><\/span><\/div><div class=\"ult-team-member-bio-wrap style-1 ultimate-heading69e37a59d7ce0\" style=\"text-align:center;; \"><div class=\"ult-team-member-name-wrap\"><h2 class=\"ult-team-member-name ult-responsive\"  data-ultimate-target='.ult-team-member-bio-wrap.ultimate-heading69e37a59d7ce0 .ult-team-member-name'  data-responsive-json-new='{\"font-size\":\"\",\"line-height\":\"\"}'  style=\"\">Dr. Siju Sukumaran<\/h2><div class=\"ult-team-member-position ult-responsive\"  data-ultimate-target='.ult-team-member-bio-wrap.ultimate-heading69e37a59d7ce0 .ult-team-member-position'  data-responsive-json-new='{\"font-size\":\"\",\"line-height\":\"\"}'  style=\"\">Maya Ayurveda Chief Physician<\/div><div style=\"margin-bottom:15px\"><\/div><div class='ult-social-buttons'><\/div><\/div><\/div><\/div><div class=\" vc_custom_1701330932796 ubtn-ctn-center \"><a class=\"ubtn-link ult-adjust-bottom-margin ubtn-center ubtn-mini \" href=\"https:\/\/www.mayaayurveda.com\/dr-siju-sukumaran\/\" title=\"Dr. Siju Sukumaran\" ><button type=\"button\" id=\"ubtn-1250\"  class=\"ubtn ult-adjust-bottom-margin ult-responsive ubtn-mini ubtn-fade-bg  none  ubtn-sep-icon ubtn-sep-icon-at-left  ubtn-center  ubtn-only-icon   tooltip-69e37a59d7d3f\"  data-hover=\"#a8a8a8\" data-border-color=\"\" data-bg=\"rgba(170,160,83,0.19)\" data-hover-bg=\"#ffffff\" data-border-hover=\"\" data-shadow-hover=\"\" data-shadow-click=\"none\" data-shadow=\"\" data-shd-shadow=\"\"  data-ultimate-target='#ubtn-1250'  data-responsive-json-new='{\"font-size\":\"\",\"line-height\":\"\"}'  style=\"font-weight:normal;border:none;background: rgba(170,160,83,0.19);color: #000000;\"><span class=\"ubtn-data ubtn-icon\"><i class=\"Defaults-user-md\" style=\"font-size:32px;color:;\"><\/i><\/span><span class=\"ubtn-hover\" style=\"background-color:#ffffff\"><\/span><span class=\"ubtn-data ubtn-text \" ><\/span><\/button><\/a><\/div><\/div><\/div><\/div><\/div><div class=\"vc_row wpb_row vc_row-fluid\"><div class=\"wpb_column vc_column_container vc_col-sm-12\"><div class=\"vc_column-inner \"><div class=\"wpb_wrapper\"><section class=\"vc_cta3-container\"><div class=\"vc_general vc_cta3 vc_cta3-style-classic vc_cta3-shape-rounded vc_cta3-align-justify vc_cta3-color-classic vc_cta3-icon-size-md vc_cta3-actions-right vc_custom_1701331108254\"><div class=\"vc_cta3_content-container\"><div class=\"vc_cta3-content\"><header class=\"vc_cta3-content-header\"><\/header><p><img loading=\"lazy\" decoding=\"async\" class=\"wp-image-1786 size-medium alignleft\" src=\"https:\/\/www.mayaayurveda.com\/wp-content\/uploads\/2023\/04\/VG-300x200.jpg\" alt=\"\" width=\"300\" height=\"200\" \/><\/p>\n<p style=\"text-align: left;\"><em>Ayurveda connects us with the cosmos by stating that everything is made of the Pa\u00f1cabh\u016bt\u0101s. This means that the food we eat is also made of these five existents. This fundamental understanding is strengthened even further in textbooks like Caraka Sa\u1e43hit\u0101 which says that \u2018we are made of food and the diseases too are formed from it\u2019. This advice is kept in our minds as a golden mantra here at MAYA AYURVEDA and our focus is to provide you wit<\/em><em>h the power to retain your wellness.<\/em><\/p>\n<\/div><div class=\"vc_cta3-actions\"><div class=\"vc_btn3-container vc_btn3-inline\" ><a class=\"vc_general vc_btn3 vc_btn3-size-sm vc_btn3-shape-rounded vc_btn3-style-classic vc_btn3-color-chino\" href=\"https:\/\/www.mayaayurveda.com\/diet\/\" title=\"Diet\">Read more<\/a><\/div><\/div><\/div><\/div><\/section><\/div><\/div><\/div><\/div><div data-vc-full-width=\"true\" data-vc-full-width-init=\"false\" data-vc-stretch-content=\"true\" class=\"vc_row wpb_row vc_row-fluid vc_custom_1679496464294 vc_row-has-fill vc_row-no-padding vc_row-o-content-middle vc_row-flex\"><div class=\"wpb_column vc_column_container vc_col-sm-12\"><div class=\"vc_column-inner \"><div class=\"wpb_wrapper\"><h2 style=\"color: #7c6300;line-height: 1;text-align: center;font-family:Courgette;font-weight:400;font-style:normal\" class=\"vc_custom_heading wpb_animate_when_almost_visible wpb_fadeInUp fadeInUp vc_custom_1679858352409\">Make your health a priority!<\/h2><\/div><\/div><\/div><\/div><div class=\"vc_row-full-width vc_clearfix\"><\/div><!-- Row Backgrounds --><div class=\"upb_grad\" data-grad=\"background: -webkit-gradient(linear, left top, left bottom, color-stop(0%, #B6DE50), color-stop(45%, #C8EB67), color-stop(78%, #D3F090), color-stop(100%, #E6F0C0));background: -moz-linear-gradient(top,#B6DE50 0%,#C8EB67 45%,#D3F090 78%,#E6F0C0 100%);background: -webkit-linear-gradient(top,#B6DE50 0%,#C8EB67 45%,#D3F090 78%,#E6F0C0 100%);background: -o-linear-gradient(top,#B6DE50 0%,#C8EB67 45%,#D3F090 78%,#E6F0C0 100%);background: -ms-linear-gradient(top,#B6DE50 0%,#C8EB67 45%,#D3F090 78%,#E6F0C0 100%);background: linear-gradient(top,#B6DE50 0%,#C8EB67 45%,#D3F090 78%,#E6F0C0 100%);\" data-bg-override=\"0\" data-upb-overlay-color=\"\" data-upb-bg-animation=\"\" data-fadeout=\"\" data-fadeout-percentage=\"30\" data-parallax-content=\"\" data-parallax-content-sense=\"30\" data-row-effect-mobile-disable=\"true\" data-img-parallax-mobile-disable=\"true\" data-rtl=\"false\"  data-custom-vc-row=\"\"  data-vc=\"7.0\"  data-is_old_vc=\"\"  data-theme-support=\"\"   data-overlay=\"false\" data-overlay-color=\"\" data-overlay-pattern=\"\" data-overlay-pattern-opacity=\"\" data-overlay-pattern-size=\"\"    ><\/div><div class=\"vc_row wpb_row vc_row-fluid\"><div class=\"wpb_column vc_column_container vc_col-sm-12\"><div class=\"vc_column-inner \"><div class=\"wpb_wrapper\"><div id=\"1679854494900-896fe8d2-6258\" class=\"dt-sc-empty-space\"><\/div><div class='dt-sc-title border-title '><h3>Give a Message to Maya Ayurveda<\/h3><\/div><style id=\"wpforms-css-vars-1914\">\n\t\t\t\t#wpforms-1914 {\n\t\t\t\t\n\t\t\t}\n\t\t\t<\/style><div class=\"wpforms-container wpforms-container-full wpforms-render-modern\" id=\"wpforms-1914\"><form id=\"wpforms-form-1914\" class=\"wpforms-validate wpforms-form wpforms-ajax-form\" data-formid=\"1914\" method=\"post\" enctype=\"multipart\/form-data\" action=\"\/sl\/wp-json\/wp\/v2\/pages\/245\" data-token=\"5eca22015381e337b8924ea3cb50a93a\" data-token-time=\"1776515673\"><noscript class=\"wpforms-error-noscript\">Please enable JavaScript in your browser to complete this form.<\/noscript><div id=\"wpforms-error-noscript\" style=\"display: none;\">Please enable JavaScript in your browser to complete this form.<\/div><div class=\"wpforms-field-container\"><div id=\"wpforms-1914-field_0-container\" class=\"wpforms-field wpforms-field-name\" data-field-id=\"0\"><fieldset><legend class=\"wpforms-field-label\">Name <span class=\"wpforms-required-label\" aria-hidden=\"true\">*<\/span><\/legend><div class=\"wpforms-field-row wpforms-field-medium\"><div class=\"wpforms-field-row-block wpforms-first wpforms-one-half\"><input type=\"text\" id=\"wpforms-1914-field_0\" class=\"wpforms-field-name-first wpforms-field-required\" name=\"wpforms[fields][0][first]\" aria-errormessage=\"wpforms-1914-field_0-error\" required><label for=\"wpforms-1914-field_0\" class=\"wpforms-field-sublabel after\">First<\/label><\/div><div class=\"wpforms-field-row-block wpforms-one-half\"><input type=\"text\" id=\"wpforms-1914-field_0-last\" class=\"wpforms-field-name-last wpforms-field-required\" name=\"wpforms[fields][0][last]\" aria-errormessage=\"wpforms-1914-field_0-last-error\" required><label for=\"wpforms-1914-field_0-last\" class=\"wpforms-field-sublabel after\">Last<\/label><\/div><\/div><\/fieldset><\/div><div id=\"wpforms-1914-field_1-container\" class=\"wpforms-field wpforms-field-email\" data-field-id=\"1\"><label class=\"wpforms-field-label\" for=\"wpforms-1914-field_1\">Email <span class=\"wpforms-required-label\" aria-hidden=\"true\">*<\/span><\/label><input type=\"email\" id=\"wpforms-1914-field_1\" class=\"wpforms-field-medium wpforms-field-required\" name=\"wpforms[fields][1]\" spellcheck=\"false\" aria-errormessage=\"wpforms-1914-field_1-error\" required><\/div><div id=\"wpforms-1914-field_4-container\" class=\"wpforms-field wpforms-field-text\" data-field-id=\"4\"><label class=\"wpforms-field-label\" for=\"wpforms-1914-field_4\">Phone<\/label><input type=\"text\" id=\"wpforms-1914-field_4\" class=\"wpforms-field-small wpforms-limit-characters-enabled\" data-form-id=\"1914\" data-field-id=\"4\" data-text-limit=\"15\" name=\"wpforms[fields][4]\" placeholder=\"041 123 456\" aria-errormessage=\"wpforms-1914-field_4-error\" maxlength=\"15\" ><\/div><div id=\"wpforms-1914-field_2-container\" class=\"wpforms-field wpforms-field-textarea\" data-field-id=\"2\"><label class=\"wpforms-field-label\" for=\"wpforms-1914-field_2\">Comment or Message<\/label><textarea id=\"wpforms-1914-field_2\" class=\"wpforms-field-medium\" name=\"wpforms[fields][2]\" aria-errormessage=\"wpforms-1914-field_2-error\" ><\/textarea><\/div><\/div><!-- .wpforms-field-container --><div class=\"wpforms-recaptcha-container wpforms-is-recaptcha wpforms-is-recaptcha-type-v3\" ><input type=\"hidden\" name=\"wpforms[recaptcha]\" value=\"\"><\/div><div class=\"wpforms-submit-container\" ><input type=\"hidden\" name=\"wpforms[id]\" value=\"1914\"><input type=\"hidden\" name=\"page_title\" value=\"\"><input type=\"hidden\" name=\"page_url\" value=\"https:\/\/www.mayaayurveda.com\/sl\/wp-json\/wp\/v2\/pages\/245\"><input type=\"hidden\" name=\"url_referer\" value=\"\"><button type=\"submit\" name=\"wpforms[submit]\" id=\"wpforms-submit-1914\" class=\"wpforms-submit\" data-alt-text=\"Sending...\" data-submit-text=\"Submit\" aria-live=\"assertive\" value=\"wpforms-submit\">Submit<\/button><img loading=\"lazy\" decoding=\"async\" src=\"https:\/\/www.mayaayurveda.com\/wp-content\/plugins\/wpforms-lite\/assets\/images\/submit-spin.svg\" class=\"wpforms-submit-spinner\" style=\"display: none;\" width=\"26\" height=\"26\" alt=\"Loading\"><\/div><\/form><\/div>  <!-- .wpforms-container --><\/div><\/div><\/div><\/div>\n<\/section>","protected":false},"excerpt":{"rendered":"A warm welcome to Maya AyurvedaAyurveda Treatments are meant to improve your well-being through the application of an ancient healing tradition which originated in India 5000 years ago. Maya Ayurveda in Ljubljana Slovenia offers treatments for illnesses such as eczema, psoriasis, rheumatic arthritis, diabetes, back pain, gynecology problems, sinusitis, and migraines among many others.We assure [...]","protected":false},"author":1,"featured_media":0,"parent":0,"menu_order":0,"comment_status":"closed","ping_status":"closed","template":"","meta":{"om_disable_all_campaigns":false,"_monsterinsights_skip_tracking":false,"_monsterinsights_sitenote_active":false,"_monsterinsights_sitenote_note":"","_monsterinsights_sitenote_category":0,"footnotes":""},"class_list":["post-245","page","type-page","status-publish","hentry"],"aioseo_notices":[],"_links":{"self":[{"href":"https:\/\/www.mayaayurveda.com\/sl\/wp-json\/wp\/v2\/pages\/245","targetHints":{"allow":["GET"]}}],"collection":[{"href":"https:\/\/www.mayaayurveda.com\/sl\/wp-json\/wp\/v2\/pages"}],"about":[{"href":"https:\/\/www.mayaayurveda.com\/sl\/wp-json\/wp\/v2\/types\/page"}],"author":[{"embeddable":true,"href":"https:\/\/www.mayaayurveda.com\/sl\/wp-json\/wp\/v2\/users\/1"}],"replies":[{"embeddable":true,"href":"https:\/\/www.mayaayurveda.com\/sl\/wp-json\/wp\/v2\/comments?post=245"}],"version-history":[{"count":203,"href":"https:\/\/www.mayaayurveda.com\/sl\/wp-json\/wp\/v2\/pages\/245\/revisions"}],"predecessor-version":[{"id":1992,"href":"https:\/\/www.mayaayurveda.com\/sl\/wp-json\/wp\/v2\/pages\/245\/revisions\/1992"}],"wp:attachment":[{"href":"https:\/\/www.mayaayurveda.com\/sl\/wp-json\/wp\/v2\/media?parent=245"}],"curies":[{"name":"wp","href":"https:\/\/api.w.org\/{rel}","templated":true}]}}